{"id":11173,"date":"2025-08-24T20:39:37","date_gmt":"2025-08-24T18:39:37","guid":{"rendered":"https:\/\/confido.berlin\/?page_id=11173"},"modified":"2025-09-01T20:29:59","modified_gmt":"2025-09-01T18:29:59","slug":"unsere-leistungen","status":"publish","type":"page","link":"https:\/\/confido.berlin\/tr\/unsere-leistungen\/","title":{"rendered":"Hizmetlerimiz"},"content":{"rendered":"<div data-elementor-type=\"wp-post\" data-elementor-id=\"11173\" class=\"elementor elementor-11173\" data-elementor-post-type=\"page\">\n\t\t\t\t<div class=\"elementor-element elementor-element-0cd6ef4 e-flex e-con-boxed e-con e-parent\" data-id=\"0cd6ef4\" data-element_type=\"container\" data-e-type=\"container\" data-settings=\"{&quot;animation_widescreen&quot;:&quot;fadeInUp&quot;}\">\n\t\t\t\t\t<div class=\"e-con-inner\">\n\t\t<div class=\"elementor-element elementor-element-ff05c17 e-con-full e-flex e-con e-child\" data-id=\"ff05c17\" data-element_type=\"container\" data-e-type=\"container\">\n\t\t\t\t<div class=\"elementor-element elementor-element-4b4aee1 elementor-widget elementor-widget-image\" data-id=\"4b4aee1\" data-element_type=\"widget\" data-e-type=\"widget\" data-widget_type=\"image.default\">\n\t\t\t\t\t\t\t\t\t\t\t\t\t\t\t<img fetchpriority=\"high\" decoding=\"async\" width=\"1920\" height=\"1080\" src=\"https:\/\/confido.berlin\/wp-content\/uploads\/2025\/08\/Confido-ist-Ihr-verlaesslicher-Partner-fuer-Erasmus.png\" class=\"attachment-full size-full wp-image-11175\" alt=\"\" srcset=\"https:\/\/confido.berlin\/wp-content\/uploads\/2025\/08\/Confido-ist-Ihr-verlaesslicher-Partner-fuer-Erasmus.png 1920w, https:\/\/confido.berlin\/wp-content\/uploads\/2025\/08\/Confido-ist-Ihr-verlaesslicher-Partner-fuer-Erasmus-300x169.png 300w, https:\/\/confido.berlin\/wp-content\/uploads\/2025\/08\/Confido-ist-Ihr-verlaesslicher-Partner-fuer-Erasmus-1024x576.png 1024w, https:\/\/confido.berlin\/wp-content\/uploads\/2025\/08\/Confido-ist-Ihr-verlaesslicher-Partner-fuer-Erasmus-768x432.png 768w, https:\/\/confido.berlin\/wp-content\/uploads\/2025\/08\/Confido-ist-Ihr-verlaesslicher-Partner-fuer-Erasmus-1536x864.png 1536w, https:\/\/confido.berlin\/wp-content\/uploads\/2025\/08\/Confido-ist-Ihr-verlaesslicher-Partner-fuer-Erasmus-600x338.png 600w\" sizes=\"(max-width: 1920px) 100vw, 1920px\" \/>\t\t\t\t\t\t\t\t\t\t\t\t\t\t\t<\/div>\n\t\t\t\t<\/div>\n\t\t\t\t\t<\/div>\n\t\t\t\t<\/div>\n\t\t<div class=\"elementor-element elementor-element-357b1da e-flex e-con-boxed e-con e-parent\" data-id=\"357b1da\" data-element_type=\"container\" data-e-type=\"container\" data-settings=\"{&quot;animation_widescreen&quot;:&quot;fadeInUp&quot;}\">\n\t\t\t\t\t<div class=\"e-con-inner\">\n\t\t<div class=\"elementor-element elementor-element-5c3355b e-con-full e-flex e-con e-child\" data-id=\"5c3355b\" data-element_type=\"container\" data-e-type=\"container\">\n\t\t\t\t<div class=\"elementor-element elementor-element-75706d1 elementor-widget thim-ekits-heading elementor-widget-thim-heading\" data-id=\"75706d1\" data-element_type=\"widget\" data-e-type=\"widget\" data-widget_type=\"thim-heading.default\">\n\t\t\t\t<div class=\"elementor-widget-container\">\n\t\t\t\t\t<div class=\"sc_heading\"><h3 class=\"title\">Daha fazlas\u0131 hakk\u0131nda <span class=\"thim-color\"> Erasmus+ deneyimini ya\u015fay\u0131n<\/span> <\/h3><span class=\"line\"><\/span><\/div>\t\t\t\t<\/div>\n\t\t\t\t<\/div>\n\t\t\t\t<\/div>\n\t\t\t\t\t<\/div>\n\t\t\t\t<\/div>\n\t\t<div class=\"elementor-element elementor-element-b945634 e-flex e-con-boxed e-con e-parent\" data-id=\"b945634\" data-element_type=\"container\" data-e-type=\"container\" data-settings=\"{&quot;animation_widescreen&quot;:&quot;fadeInUp&quot;}\">\n\t\t\t\t\t<div class=\"e-con-inner\">\n\t\t<div class=\"elementor-element elementor-element-a6ba342 e-con-full e-flex e-con e-child\" data-id=\"a6ba342\" data-element_type=\"container\" data-e-type=\"container\">\n\t\t\t\t<div class=\"elementor-element elementor-element-92e9099 elementor-widget elementor-widget-text-editor\" data-id=\"92e9099\" data-element_type=\"widget\" data-e-type=\"widget\" data-widget_type=\"text-editor.default\">\n\t\t\t\t\t\t\t\t\t<p><span style=\"color: #3366ff;\"><strong>ile<\/strong><\/span> Erasmus+ projeleri ve uluslararas\u0131 e\u011fitim giri\u015fimleri i\u00e7in g\u00fcvenilir orta\u011f\u0131n\u0131zd\u0131r.<\/p><p>\u00d6\u011frencilere, e\u011fitim kurumlar\u0131na ve proje sponsorlar\u0131na ilk dan\u0131\u015fmanl\u0131ktan ba\u015far\u0131l\u0131 uygulamaya kadar her a\u015famada destek sa\u011flayan kapsaml\u0131 bir hizmet yelpazesi sunuyoruz.<\/p>\t\t\t\t\t\t\t\t<\/div>\n\t\t\t\t<\/div>\n\t\t\t\t\t<\/div>\n\t\t\t\t<\/div>\n\t\t<div class=\"elementor-element elementor-element-a9bf42b e-flex e-con-boxed e-con e-parent\" data-id=\"a9bf42b\" data-element_type=\"container\" data-e-type=\"container\">\n\t\t\t\t\t<div class=\"e-con-inner\">\n\t\t<div class=\"elementor-element elementor-element-7ea4b00 e-con-full e-flex e-con e-child\" data-id=\"7ea4b00\" data-element_type=\"container\" data-e-type=\"container\" data-settings=\"{&quot;animation_widescreen&quot;:&quot;fadeInLeft&quot;}\">\n\t\t\t\t<div class=\"elementor-element elementor-element-ae5c9f1 elementor-widescreen-position-inline-start elementor-view-default elementor-position-block-start elementor-mobile-position-block-start elementor-widget elementor-widget-icon-box\" data-id=\"ae5c9f1\" data-element_type=\"widget\" data-e-type=\"widget\" data-widget_type=\"icon-box.default\">\n\t\t\t\t\t\t\t<div class=\"elementor-icon-box-wrapper\">\n\n\t\t\t\t\t\t<div class=\"elementor-icon-box-icon\">\n\t\t\t\t<span  class=\"elementor-icon\">\n\t\t\t\t<i aria-hidden=\"true\" class=\"tk tk-angle-double-right\"><\/i>\t\t\t\t<\/span>\n\t\t\t<\/div>\n\t\t\t\n\t\t\t\t\t\t<div class=\"elementor-icon-box-content\">\n\n\t\t\t\t\t\t\t\t\t<h3 class=\"elementor-icon-box-title\">\n\t\t\t\t\t\t<span  >\n\t\t\t\t\t\t\tTavsiye ve Bilgi\t\t\t\t\t\t<\/span>\n\t\t\t\t\t<\/h3>\n\t\t\t\t\n\t\t\t\t\t\t\t\t\t<p class=\"elementor-icon-box-description\">\n\t\t\t\t\t\tErasmus+&#039;\u0131n karma\u015f\u0131k yap\u0131lar\u0131 konusunda derinlemesine uzmanl\u0131\u011f\u0131m\u0131zla size rehberlik edece\u011fiz.\n<ul><li>Program \u00f6zeti: Fon olanaklar\u0131n\u0131, kat\u0131l\u0131m ko\u015fullar\u0131n\u0131 ve son tarihleri \u200b\u200bayr\u0131nt\u0131l\u0131 olarak a\u00e7\u0131kl\u0131yoruz.<\/li><li>Bireysel dan\u0131\u015fmanl\u0131k: \u0130ster \u00f6\u011frenci, ister \u00f6\u011fretmen, ister kurum olun; do\u011fru finansman se\u00e7ene\u011fini bulaca\u011f\u0131z.<\/li><li>Mali rehberlik: Hibe, seyahat masraflar\u0131 ve fonlama konusunda \u015feffaf bilgiler<\/li><\/ul><br>Bu sayede en ba\u015f\u0131ndan itibaren do\u011fru kararlar alman\u0131z\u0131 sa\u011fl\u0131yoruz.\t\t\t\t\t<\/p>\n\t\t\t\t\n\t\t\t<\/div>\n\t\t\t\n\t\t<\/div>\n\t\t\t\t\t\t<\/div>\n\t\t\t\t<\/div>\n\t\t<div class=\"elementor-element elementor-element-6df1ede e-con-full e-flex e-con e-child\" data-id=\"6df1ede\" data-element_type=\"container\" data-e-type=\"container\" data-settings=\"{&quot;animation_widescreen&quot;:&quot;fadeInRight&quot;}\">\n\t\t\t\t<div class=\"elementor-element elementor-element-852aae2 elementor-widescreen-position-inline-start elementor-view-default elementor-position-block-start elementor-mobile-position-block-start elementor-widget elementor-widget-icon-box\" data-id=\"852aae2\" data-element_type=\"widget\" data-e-type=\"widget\" data-widget_type=\"icon-box.default\">\n\t\t\t\t\t\t\t<div class=\"elementor-icon-box-wrapper\">\n\n\t\t\t\t\t\t<div class=\"elementor-icon-box-icon\">\n\t\t\t\t<span  class=\"elementor-icon\">\n\t\t\t\t<i aria-hidden=\"true\" class=\"tk tk-angle-double-right\"><\/i>\t\t\t\t<\/span>\n\t\t\t<\/div>\n\t\t\t\n\t\t\t\t\t\t<div class=\"elementor-icon-box-content\">\n\n\t\t\t\t\t\t\t\t\t<h3 class=\"elementor-icon-box-title\">\n\t\t\t\t\t\t<span  >\n\t\t\t\t\t\t\tProje y\u00f6netimi\t\t\t\t\t\t<\/span>\n\t\t\t\t\t<\/h3>\n\t\t\t\t\n\t\t\t\t\t\t\t\t\t<p class=\"elementor-icon-box-description\">\n\t\t\t\t\t\tBa\u015far\u0131l\u0131 bir Erasmus+ projesi, titiz bir planlama ve organizasyon gerektirir. Confido \u015funlar\u0131 sa\u011flar:\n<ul><li>Ba\u015fvuru haz\u0131rl\u0131\u011f\u0131: Proje tasla\u011f\u0131n\u0131n haz\u0131rlanmas\u0131, ortaklar\u0131n belirlenmesi ve b\u00fct\u00e7e planlamas\u0131 konusunda destek.<\/li><li>Proje uygulamas\u0131: \u0130dari s\u00fcre\u00e7ler, s\u00f6zle\u015fme konular\u0131 ve mobilite konular\u0131nda destek.<\/li><li>Raporlama ve De\u011ferlendirme: Ara ve nihai raporlar\u0131n haz\u0131rlanmas\u0131nda ve etki \u00f6l\u00e7\u00fcmlerinde yard\u0131m.<\/li><\/ul>Amac\u0131m\u0131z projeleri etkin, s\u00fcrd\u00fcr\u00fclebilir ve finansman gereksinimlerine uygun \u015fekilde hayata ge\u00e7irmektir.\t\t\t\t\t<\/p>\n\t\t\t\t\n\t\t\t<\/div>\n\t\t\t\n\t\t<\/div>\n\t\t\t\t\t\t<\/div>\n\t\t\t\t<\/div>\n\t\t\t\t\t<\/div>\n\t\t\t\t<\/div>\n\t\t<div class=\"elementor-element elementor-element-1a62303 e-flex e-con-boxed e-con e-parent\" data-id=\"1a62303\" data-element_type=\"container\" data-e-type=\"container\">\n\t\t\t\t\t<div class=\"e-con-inner\">\n\t\t<div class=\"elementor-element elementor-element-5b24df1 e-con-full e-flex e-con e-child\" data-id=\"5b24df1\" data-element_type=\"container\" data-e-type=\"container\" data-settings=\"{&quot;animation_widescreen&quot;:&quot;fadeInLeft&quot;}\">\n\t\t\t\t<div class=\"elementor-element elementor-element-35d922e elementor-widescreen-position-inline-start elementor-view-default elementor-position-block-start elementor-mobile-position-block-start elementor-widget elementor-widget-icon-box\" data-id=\"35d922e\" data-element_type=\"widget\" data-e-type=\"widget\" data-widget_type=\"icon-box.default\">\n\t\t\t\t\t\t\t<div class=\"elementor-icon-box-wrapper\">\n\n\t\t\t\t\t\t<div class=\"elementor-icon-box-icon\">\n\t\t\t\t<span  class=\"elementor-icon\">\n\t\t\t\t<i aria-hidden=\"true\" class=\"tk tk-angle-double-right\"><\/i>\t\t\t\t<\/span>\n\t\t\t<\/div>\n\t\t\t\n\t\t\t\t\t\t<div class=\"elementor-icon-box-content\">\n\n\t\t\t\t\t\t\t\t\t<h3 class=\"elementor-icon-box-title\">\n\t\t\t\t\t\t<span  >\n\t\t\t\t\t\t\tA\u011f olu\u015fturma ve i\u015fbirli\u011fi\t\t\t\t\t\t<\/span>\n\t\t\t\t\t<\/h3>\n\t\t\t\t\n\t\t\t\t\t\t\t\t\t<p class=\"elementor-icon-box-description\">\n\t\t\t\t\t\tBa\u015far\u0131n\u0131n anahtar\u0131 uluslararas\u0131 i\u015f birli\u011fidir. Kap\u0131lar\u0131m\u0131z\u0131 \u015fu alanlarda a\u00e7\u0131yoruz:\n<ul><li>Berlin, \u0130talya ve Malta&#039;daki \u00fcniversiteler, teknik kolejler ve e\u011fitim kurumlar\u0131.<\/li><li>Erasmus+ deneyimi olan stajlar, \u015firketler ve kurulu\u015flar.<\/li><li>Uzun ve k\u0131sa vadeli projeler i\u00e7in ortakl\u0131klar.<\/li><\/ul><br>A\u011f\u0131m\u0131z sayesinde de\u011fi\u015fim, kariyer geli\u015ftirme ve ileri e\u011fitim i\u00e7in de\u011ferli f\u0131rsatlar ortaya \u00e7\u0131k\u0131yor.\t\t\t\t\t<\/p>\n\t\t\t\t\n\t\t\t<\/div>\n\t\t\t\n\t\t<\/div>\n\t\t\t\t\t\t<\/div>\n\t\t\t\t<\/div>\n\t\t<div class=\"elementor-element elementor-element-955d93f e-con-full e-flex e-con e-child\" data-id=\"955d93f\" data-element_type=\"container\" data-e-type=\"container\" data-settings=\"{&quot;animation_widescreen&quot;:&quot;fadeInRight&quot;}\">\n\t\t\t\t<div class=\"elementor-element elementor-element-0d86f95 elementor-widescreen-position-inline-start elementor-view-default elementor-position-block-start elementor-mobile-position-block-start elementor-widget elementor-widget-icon-box\" data-id=\"0d86f95\" data-element_type=\"widget\" data-e-type=\"widget\" data-widget_type=\"icon-box.default\">\n\t\t\t\t\t\t\t<div class=\"elementor-icon-box-wrapper\">\n\n\t\t\t\t\t\t<div class=\"elementor-icon-box-icon\">\n\t\t\t\t<span  class=\"elementor-icon\">\n\t\t\t\t<i aria-hidden=\"true\" class=\"tk tk-angle-double-right\"><\/i>\t\t\t\t<\/span>\n\t\t\t<\/div>\n\t\t\t\n\t\t\t\t\t\t<div class=\"elementor-icon-box-content\">\n\n\t\t\t\t\t\t\t\t\t<h3 class=\"elementor-icon-box-title\">\n\t\t\t\t\t\t<span  >\n\t\t\t\t\t\t\tK\u00fclt\u00fcrel etkinlikler ve e\u011fitim programlar\u0131\t\t\t\t\t\t<\/span>\n\t\t\t\t\t<\/h3>\n\t\t\t\t\n\t\t\t\t\t\t\t\t\t<p class=\"elementor-icon-box-description\">\n\t\t\t\t\t\tErasmus+ konaklamas\u0131 sadece bir projeden \u00e7ok daha fazlas\u0131d\u0131r; k\u00fclt\u00fcrel bir deneyimdir. \u015eunlar\u0131 d\u00fczenliyoruz:\n<ul><li>K\u00fclt\u00fcrleraras\u0131 becerilerin g\u00fc\u00e7lendirilmesine y\u00f6nelik dil e\u011fitimleri ve at\u00f6lyeler.<\/li><li>Avrupa&#039;y\u0131 canland\u0131ran k\u00fclt\u00fcrel etkinlikler ve geziler.<\/li><li>Topluluk duygusunu geli\u015ftiren ve a\u011flar olu\u015fturan sosyal aktiviteler.<\/li><\/ul>Akademik \u00f6\u011frenmeyi ki\u015fisel geli\u015fimle b\u00f6yle birle\u015ftiriyoruz.\t\t\t\t\t<\/p>\n\t\t\t\t\n\t\t\t<\/div>\n\t\t\t\n\t\t<\/div>\n\t\t\t\t\t\t<\/div>\n\t\t\t\t<\/div>\n\t\t\t\t\t<\/div>\n\t\t\t\t<\/div>\n\t\t<div class=\"elementor-element elementor-element-792047a e-flex e-con-boxed e-con e-parent\" data-id=\"792047a\" data-element_type=\"container\" data-e-type=\"container\">\n\t\t\t\t\t<div class=\"e-con-inner\">\n\t\t<div class=\"elementor-element elementor-element-a2eac93 e-con-full e-flex e-con e-child\" data-id=\"a2eac93\" data-element_type=\"container\" data-e-type=\"container\" data-settings=\"{&quot;animation_widescreen&quot;:&quot;fadeInLeft&quot;}\">\n\t\t\t\t<div class=\"elementor-element elementor-element-11a5a6d elementor-widescreen-position-inline-start elementor-view-default elementor-position-block-start elementor-mobile-position-block-start elementor-widget elementor-widget-icon-box\" data-id=\"11a5a6d\" data-element_type=\"widget\" data-e-type=\"widget\" data-widget_type=\"icon-box.default\">\n\t\t\t\t\t\t\t<div class=\"elementor-icon-box-wrapper\">\n\n\t\t\t\t\t\t<div class=\"elementor-icon-box-icon\">\n\t\t\t\t<span  class=\"elementor-icon\">\n\t\t\t\t<i aria-hidden=\"true\" class=\"tk tk-angle-double-right\"><\/i>\t\t\t\t<\/span>\n\t\t\t<\/div>\n\t\t\t\n\t\t\t\t\t\t<div class=\"elementor-icon-box-content\">\n\n\t\t\t\t\t\t\t\t\t<h3 class=\"elementor-icon-box-title\">\n\t\t\t\t\t\t<span  >\n\t\t\t\t\t\t\tB\u00fct\u00fcnsel destek\t\t\t\t\t\t<\/span>\n\t\t\t\t\t<\/h3>\n\t\t\t\t\n\t\t\t\t\t\t\t\t\t<p class=\"elementor-icon-box-description\">\n\t\t\t\t\t\tHaz\u0131rl\u0131ktan d\u00f6n\u00fc\u015fe kadar \u2013 Confido sizi yaln\u0131z b\u0131rakmayacak:\n<ul><li>Haz\u0131rl\u0131k ve ba\u015fvuru: Formlar, motivasyon mektuplar\u0131 ve dok\u00fcmanlar konusunda destek.<\/li><li>Yerinde destek: Konaklama, ula\u015f\u0131m ve g\u00fcnl\u00fck organizasyon konusunda yard\u0131m.<\/li><li>\u00c7\u00f6z\u00fcm odakl\u0131 destek: Sorunlar\u0131n\u0131z veya zorluklar\u0131n\u0131z oldu\u011funda her zaman yan\u0131n\u0131zday\u0131z.<\/li><\/ul><br>T\u00fcm kat\u0131l\u0131mc\u0131lara g\u00fcvenli, sorunsuz ve zenginle\u015ftirici bir deneyim garanti ediyoruz.\t\t\t\t\t<\/p>\n\t\t\t\t\n\t\t\t<\/div>\n\t\t\t\n\t\t<\/div>\n\t\t\t\t\t\t<\/div>\n\t\t\t\t<\/div>\n\t\t\t\t\t<\/div>\n\t\t\t\t<\/div>\n\t\t<div class=\"elementor-element elementor-element-48994ae e-flex e-con-boxed e-con e-parent\" data-id=\"48994ae\" data-element_type=\"container\" data-e-type=\"container\" data-settings=\"{&quot;animation_widescreen&quot;:&quot;fadeInUp&quot;}\">\n\t\t\t\t\t<div class=\"e-con-inner\">\n\t\t<div class=\"elementor-element elementor-element-74c65a0 e-con-full e-flex e-con e-child\" data-id=\"74c65a0\" data-element_type=\"container\" data-e-type=\"container\" data-settings=\"{&quot;animation_widescreen&quot;:&quot;fadeInUp&quot;}\">\n\t\t\t\t<div class=\"elementor-element elementor-element-2c69893 elementor-widget elementor-widget-image\" data-id=\"2c69893\" data-element_type=\"widget\" data-e-type=\"widget\" data-settings=\"{&quot;_animation_widescreen&quot;:&quot;fadeInUp&quot;}\" data-widget_type=\"image.default\">\n\t\t\t\t\t\t\t\t\t\t\t\t\t\t\t<img decoding=\"async\" width=\"640\" height=\"427\" src=\"https:\/\/confido.berlin\/wp-content\/uploads\/2025\/08\/attractive-pretty-asian-brunette-woman-i-silk-skirt-striped-shirt-eyeglasses-looks-front-smiles-1024x683.jpg\" class=\"attachment-large size-large wp-image-10926\" alt=\"\" srcset=\"https:\/\/confido.berlin\/wp-content\/uploads\/2025\/08\/attractive-pretty-asian-brunette-woman-i-silk-skirt-striped-shirt-eyeglasses-looks-front-smiles-1024x683.jpg 1024w, https:\/\/confido.berlin\/wp-content\/uploads\/2025\/08\/attractive-pretty-asian-brunette-woman-i-silk-skirt-striped-shirt-eyeglasses-looks-front-smiles-300x200.jpg 300w, https:\/\/confido.berlin\/wp-content\/uploads\/2025\/08\/attractive-pretty-asian-brunette-woman-i-silk-skirt-striped-shirt-eyeglasses-looks-front-smiles-768x512.jpg 768w, https:\/\/confido.berlin\/wp-content\/uploads\/2025\/08\/attractive-pretty-asian-brunette-woman-i-silk-skirt-striped-shirt-eyeglasses-looks-front-smiles-1536x1024.jpg 1536w, https:\/\/confido.berlin\/wp-content\/uploads\/2025\/08\/attractive-pretty-asian-brunette-woman-i-silk-skirt-striped-shirt-eyeglasses-looks-front-smiles-600x400.jpg 600w\" sizes=\"(max-width: 640px) 100vw, 640px\" \/>\t\t\t\t\t\t\t\t\t\t\t\t\t\t\t<\/div>\n\t\t\t\t<\/div>\n\t\t\t\t\t<\/div>\n\t\t\t\t<\/div>\n\t\t<div class=\"elementor-element elementor-element-32fc25c e-flex e-con-boxed e-con e-parent\" data-id=\"32fc25c\" data-element_type=\"container\" data-e-type=\"container\" data-settings=\"{&quot;animation_widescreen&quot;:&quot;fadeInUp&quot;}\">\n\t\t\t\t\t<div class=\"e-con-inner\">\n\t\t<div class=\"elementor-element elementor-element-d484a65 e-flex e-con-boxed e-con e-child\" data-id=\"d484a65\" data-element_type=\"container\" data-e-type=\"container\">\n\t\t\t\t\t<div class=\"e-con-inner\">\n\t\t\t\t<div class=\"elementor-element elementor-element-ee10201 elementor-widget-widescreen__width-inherit elementor-widget thim-ekits-heading elementor-widget-thim-heading\" data-id=\"ee10201\" data-element_type=\"widget\" data-e-type=\"widget\" data-widget_type=\"thim-heading.default\">\n\t\t\t\t<div class=\"elementor-widget-container\">\n\t\t\t\t\t<div class=\"sc_heading\"><h3 class=\"title\">Confido \u015fu anlama gelir: Organizasyondan daha fazlas\u0131 \u2013 biz sizin orta\u011f\u0131n\u0131z\u0131z <span class=\"thim-color\">ba\u015far\u0131l\u0131 uluslararas\u0131 deneyim. <\/span> <\/h3><span class=\"line\"><\/span><\/div>\t\t\t\t<\/div>\n\t\t\t\t<\/div>\n\t\t\t\t\t<\/div>\n\t\t\t\t<\/div>\n\t\t\t\t\t<\/div>\n\t\t\t\t<\/div>\n\t\t<div class=\"elementor-element elementor-element-f12de86 e-flex e-con-boxed e-con e-parent\" data-id=\"f12de86\" data-element_type=\"container\" data-e-type=\"container\" data-settings=\"{&quot;animation_widescreen&quot;:&quot;fadeInUp&quot;}\">\n\t\t\t\t\t<div class=\"e-con-inner\">\n\t\t<div class=\"elementor-element elementor-element-6f4c764 e-con-full e-flex e-con e-child\" data-id=\"6f4c764\" data-element_type=\"container\" data-e-type=\"container\">\n\t\t\t\t<div class=\"elementor-element elementor-element-00b0f33 elementor-widget thim-ekits-heading elementor-widget-thim-heading\" data-id=\"00b0f33\" data-element_type=\"widget\" data-e-type=\"widget\" data-widget_type=\"thim-heading.default\">\n\t\t\t\t<div class=\"elementor-widget-container\">\n\t\t\t\t\t<div class=\"sc_heading\"><h3 class=\"title\">Bizim <span class=\"thim-color\">S\u00f6z\u00fcm\u00fcz<\/span> <\/h3><span class=\"line\"><\/span><\/div>\t\t\t\t<\/div>\n\t\t\t\t<\/div>\n\t\t<div class=\"elementor-element elementor-element-a394ba4 e-flex e-con-boxed e-con e-child\" data-id=\"a394ba4\" data-element_type=\"container\" data-e-type=\"container\">\n\t\t\t\t\t<div class=\"e-con-inner\">\n\t\t\t\t<div class=\"elementor-element elementor-element-919d030 elementor-widget elementor-widget-text-editor\" data-id=\"919d030\" data-element_type=\"widget\" data-e-type=\"widget\" data-widget_type=\"text-editor.default\">\n\t\t\t\t\t\t\t\t\t<p>Confido&#039;nun amac\u0131 <strong data-start=\"3181\" data-end=\"3263\">Erasmus+&#039;\u0131 mobil hale getirmek \u2013 etki, g\u00fcven ve bireysel geli\u015fimle<\/strong>Demokratik, kapsay\u0131c\u0131 ve gelece\u011fe y\u00f6nelik Avrupa de\u011ferlerini ya\u015f\u0131yoruz. Birlikte, e\u011fitimi i\u015f birli\u011fi, entegrasyon ve s\u00fcrd\u00fcr\u00fclebilir kalk\u0131nma i\u00e7in bir k\u00f6pr\u00fc olarak \u015fekillendiriyoruz.<\/p>\t\t\t\t\t\t\t\t<\/div>\n\t\t\t\t<div class=\"elementor-element elementor-element-7ff08de elementor-widget thim-widget-button\" data-id=\"7ff08de\" data-element_type=\"widget\" data-e-type=\"widget\" data-widget_type=\"thim-button.default\">\n\t\t\t\t<div class=\"elementor-widget-container\">\n\t\t\t\t\t<a class=\"widget-button large position-after\" href=\"https:\/\/confido.berlin\/tr\/kontakt\/\">\u015eimdi bir dan\u0131\u015fmanl\u0131k randevusu ayarlay\u0131n<svg aria-hidden=\"true\" class=\"e-font-icon-svg e-fas-mouse-pointer\" viewbox=\"0 0 320 512\" xmlns=\"http:\/\/www.w3.org\/2000\/svg\"><path d=\"M302.189 329.126H196.105l55.831 135.993c3.889 9.428-.555 19.999-9.444 23.999l-49.165 21.427c-9.165 4-19.443-.571-23.332-9.714l-53.053-129.136-86.664 89.138C18.729 472.71 0 463.554 0 447.977V18.299C0 1.899 19.921-6.096 30.277 5.443l284.412 292.542c11.472 11.179 3.007 31.141-12.5 31.141z\"><\/path><\/svg><\/a>\t\t\t\t<\/div>\n\t\t\t\t<\/div>\n\t\t\t\t\t<\/div>\n\t\t\t\t<\/div>\n\t\t\t\t<\/div>\n\t\t\t\t\t<\/div>\n\t\t\t\t<\/div>\n\t\t\t\t<\/div>","protected":false},"excerpt":{"rendered":"<p>Mehr \u00fcber Erasmus+ erfahren Confido ist Ihr verl\u00e4sslicher Partner f\u00fcr Erasmus+ Projekte und internationale Bildungsinitiativen. Wir bieten ein umfassendes Leistungsspektrum, das Studierende, Bildungseinrichtungen und Projekttr\u00e4ger in jeder Phase unterst\u00fctzt \u2013 von der ersten Beratung bis zur erfolgreichen Umsetzung. Beratung &amp; &hellip; <\/p>","protected":false},"author":1,"featured_media":0,"parent":0,"menu_order":0,"comment_status":"closed","ping_status":"closed","template":"","meta":{"_monsterinsights_skip_tracking":false,"_monsterinsights_sitenote_active":false,"_monsterinsights_sitenote_note":"","_monsterinsights_sitenote_category":0,"footnotes":""},"class_list":["post-11173","page","type-page","status-publish","hentry"],"aioseo_notices":[],"_links":{"self":[{"href":"https:\/\/confido.berlin\/tr\/wp-json\/wp\/v2\/pages\/11173","targetHints":{"allow":["GET"]}}],"collection":[{"href":"https:\/\/confido.berlin\/tr\/wp-json\/wp\/v2\/pages"}],"about":[{"href":"https:\/\/confido.berlin\/tr\/wp-json\/wp\/v2\/types\/page"}],"author":[{"embeddable":true,"href":"https:\/\/confido.berlin\/tr\/wp-json\/wp\/v2\/users\/1"}],"replies":[{"embeddable":true,"href":"https:\/\/confido.berlin\/tr\/wp-json\/wp\/v2\/comments?post=11173"}],"version-history":[{"count":25,"href":"https:\/\/confido.berlin\/tr\/wp-json\/wp\/v2\/pages\/11173\/revisions"}],"predecessor-version":[{"id":11532,"href":"https:\/\/confido.berlin\/tr\/wp-json\/wp\/v2\/pages\/11173\/revisions\/11532"}],"wp:attachment":[{"href":"https:\/\/confido.berlin\/tr\/wp-json\/wp\/v2\/media?parent=11173"}],"curies":[{"name":"wp","href":"https:\/\/api.w.org\/{rel}","templated":true}]}}