{"id":11173,"date":"2025-08-24T20:39:37","date_gmt":"2025-08-24T18:39:37","guid":{"rendered":"https:\/\/confido.berlin\/?page_id=11173"},"modified":"2025-09-01T20:29:59","modified_gmt":"2025-09-01T18:29:59","slug":"unsere-leistungen","status":"publish","type":"page","link":"https:\/\/confido.berlin\/en\/unsere-leistungen\/","title":{"rendered":"Our services"},"content":{"rendered":"<div data-elementor-type=\"wp-post\" data-elementor-id=\"11173\" class=\"elementor elementor-11173\" data-elementor-post-type=\"page\">\n\t\t\t\t<div class=\"elementor-element elementor-element-0cd6ef4 e-flex e-con-boxed e-con e-parent\" data-id=\"0cd6ef4\" data-element_type=\"container\" data-e-type=\"container\" data-settings=\"{&quot;animation_widescreen&quot;:&quot;fadeInUp&quot;}\">\n\t\t\t\t\t<div class=\"e-con-inner\">\n\t\t<div class=\"elementor-element elementor-element-ff05c17 e-con-full e-flex e-con e-child\" data-id=\"ff05c17\" data-element_type=\"container\" data-e-type=\"container\">\n\t\t\t\t<div class=\"elementor-element elementor-element-4b4aee1 elementor-widget elementor-widget-image\" data-id=\"4b4aee1\" data-element_type=\"widget\" data-e-type=\"widget\" data-widget_type=\"image.default\">\n\t\t\t\t\t\t\t\t\t\t\t\t\t\t\t<img fetchpriority=\"high\" decoding=\"async\" width=\"1920\" height=\"1080\" src=\"https:\/\/confido.berlin\/wp-content\/uploads\/2025\/08\/Confido-ist-Ihr-verlaesslicher-Partner-fuer-Erasmus.png\" class=\"attachment-full size-full wp-image-11175\" alt=\"\" srcset=\"https:\/\/confido.berlin\/wp-content\/uploads\/2025\/08\/Confido-ist-Ihr-verlaesslicher-Partner-fuer-Erasmus.png 1920w, https:\/\/confido.berlin\/wp-content\/uploads\/2025\/08\/Confido-ist-Ihr-verlaesslicher-Partner-fuer-Erasmus-300x169.png 300w, https:\/\/confido.berlin\/wp-content\/uploads\/2025\/08\/Confido-ist-Ihr-verlaesslicher-Partner-fuer-Erasmus-1024x576.png 1024w, https:\/\/confido.berlin\/wp-content\/uploads\/2025\/08\/Confido-ist-Ihr-verlaesslicher-Partner-fuer-Erasmus-768x432.png 768w, https:\/\/confido.berlin\/wp-content\/uploads\/2025\/08\/Confido-ist-Ihr-verlaesslicher-Partner-fuer-Erasmus-1536x864.png 1536w, https:\/\/confido.berlin\/wp-content\/uploads\/2025\/08\/Confido-ist-Ihr-verlaesslicher-Partner-fuer-Erasmus-600x338.png 600w\" sizes=\"(max-width: 1920px) 100vw, 1920px\" \/>\t\t\t\t\t\t\t\t\t\t\t\t\t\t\t<\/div>\n\t\t\t\t<\/div>\n\t\t\t\t\t<\/div>\n\t\t\t\t<\/div>\n\t\t<div class=\"elementor-element elementor-element-357b1da e-flex e-con-boxed e-con e-parent\" data-id=\"357b1da\" data-element_type=\"container\" data-e-type=\"container\" data-settings=\"{&quot;animation_widescreen&quot;:&quot;fadeInUp&quot;}\">\n\t\t\t\t\t<div class=\"e-con-inner\">\n\t\t<div class=\"elementor-element elementor-element-5c3355b e-con-full e-flex e-con e-child\" data-id=\"5c3355b\" data-element_type=\"container\" data-e-type=\"container\">\n\t\t\t\t<div class=\"elementor-element elementor-element-75706d1 elementor-widget thim-ekits-heading elementor-widget-thim-heading\" data-id=\"75706d1\" data-element_type=\"widget\" data-e-type=\"widget\" data-widget_type=\"thim-heading.default\">\n\t\t\t\t<div class=\"elementor-widget-container\">\n\t\t\t\t\t<div class=\"sc_heading\"><h3 class=\"title\">More about <span class=\"thim-color\"> Experience Erasmus+<\/span> <\/h3><span class=\"line\"><\/span><\/div>\t\t\t\t<\/div>\n\t\t\t\t<\/div>\n\t\t\t\t<\/div>\n\t\t\t\t\t<\/div>\n\t\t\t\t<\/div>\n\t\t<div class=\"elementor-element elementor-element-b945634 e-flex e-con-boxed e-con e-parent\" data-id=\"b945634\" data-element_type=\"container\" data-e-type=\"container\" data-settings=\"{&quot;animation_widescreen&quot;:&quot;fadeInUp&quot;}\">\n\t\t\t\t\t<div class=\"e-con-inner\">\n\t\t<div class=\"elementor-element elementor-element-a6ba342 e-con-full e-flex e-con e-child\" data-id=\"a6ba342\" data-element_type=\"container\" data-e-type=\"container\">\n\t\t\t\t<div class=\"elementor-element elementor-element-92e9099 elementor-widget elementor-widget-text-editor\" data-id=\"92e9099\" data-element_type=\"widget\" data-e-type=\"widget\" data-widget_type=\"text-editor.default\">\n\t\t\t\t\t\t\t\t\t<p><span style=\"color: #3366ff;\"><strong>Confido<\/strong><\/span> is your reliable partner for Erasmus+ projects and international educational initiatives.<\/p><p>We offer a comprehensive range of services that support students, educational institutions, and project sponsors at every stage \u2013 from initial consultation to successful implementation.<\/p>\t\t\t\t\t\t\t\t<\/div>\n\t\t\t\t<\/div>\n\t\t\t\t\t<\/div>\n\t\t\t\t<\/div>\n\t\t<div class=\"elementor-element elementor-element-a9bf42b e-flex e-con-boxed e-con e-parent\" data-id=\"a9bf42b\" data-element_type=\"container\" data-e-type=\"container\">\n\t\t\t\t\t<div class=\"e-con-inner\">\n\t\t<div class=\"elementor-element elementor-element-7ea4b00 e-con-full e-flex e-con e-child\" data-id=\"7ea4b00\" data-element_type=\"container\" data-e-type=\"container\" data-settings=\"{&quot;animation_widescreen&quot;:&quot;fadeInLeft&quot;}\">\n\t\t\t\t<div class=\"elementor-element elementor-element-ae5c9f1 elementor-widescreen-position-inline-start elementor-view-default elementor-position-block-start elementor-mobile-position-block-start elementor-widget elementor-widget-icon-box\" data-id=\"ae5c9f1\" data-element_type=\"widget\" data-e-type=\"widget\" data-widget_type=\"icon-box.default\">\n\t\t\t\t\t\t\t<div class=\"elementor-icon-box-wrapper\">\n\n\t\t\t\t\t\t<div class=\"elementor-icon-box-icon\">\n\t\t\t\t<span  class=\"elementor-icon\">\n\t\t\t\t<i aria-hidden=\"true\" class=\"tk tk-angle-double-right\"><\/i>\t\t\t\t<\/span>\n\t\t\t<\/div>\n\t\t\t\n\t\t\t\t\t\t<div class=\"elementor-icon-box-content\">\n\n\t\t\t\t\t\t\t\t\t<h3 class=\"elementor-icon-box-title\">\n\t\t\t\t\t\t<span  >\n\t\t\t\t\t\t\tAdvice &amp; Information\t\t\t\t\t\t<\/span>\n\t\t\t\t\t<\/h3>\n\t\t\t\t\n\t\t\t\t\t\t\t\t\t<p class=\"elementor-icon-box-description\">\n\t\t\t\t\t\tWe will guide you through the complex structures of Erasmus+ with in-depth expertise.\n<ul><li>Program overview: We explain in detail the funding opportunities, participation conditions, and deadlines.<\/li><li>Individual advice: Whether students, teachers, or institutions \u2013 we will find the right funding option.<\/li><li>Financial guidance: Transparent information on grants, travel expenses and funding<\/li><\/ul><br>This is how we ensure that you make the right decisions right from the start.\t\t\t\t\t<\/p>\n\t\t\t\t\n\t\t\t<\/div>\n\t\t\t\n\t\t<\/div>\n\t\t\t\t\t\t<\/div>\n\t\t\t\t<\/div>\n\t\t<div class=\"elementor-element elementor-element-6df1ede e-con-full e-flex e-con e-child\" data-id=\"6df1ede\" data-element_type=\"container\" data-e-type=\"container\" data-settings=\"{&quot;animation_widescreen&quot;:&quot;fadeInRight&quot;}\">\n\t\t\t\t<div class=\"elementor-element elementor-element-852aae2 elementor-widescreen-position-inline-start elementor-view-default elementor-position-block-start elementor-mobile-position-block-start elementor-widget elementor-widget-icon-box\" data-id=\"852aae2\" data-element_type=\"widget\" data-e-type=\"widget\" data-widget_type=\"icon-box.default\">\n\t\t\t\t\t\t\t<div class=\"elementor-icon-box-wrapper\">\n\n\t\t\t\t\t\t<div class=\"elementor-icon-box-icon\">\n\t\t\t\t<span  class=\"elementor-icon\">\n\t\t\t\t<i aria-hidden=\"true\" class=\"tk tk-angle-double-right\"><\/i>\t\t\t\t<\/span>\n\t\t\t<\/div>\n\t\t\t\n\t\t\t\t\t\t<div class=\"elementor-icon-box-content\">\n\n\t\t\t\t\t\t\t\t\t<h3 class=\"elementor-icon-box-title\">\n\t\t\t\t\t\t<span  >\n\t\t\t\t\t\t\tProject management\t\t\t\t\t\t<\/span>\n\t\t\t\t\t<\/h3>\n\t\t\t\t\n\t\t\t\t\t\t\t\t\t<p class=\"elementor-icon-box-description\">\n\t\t\t\t\t\tA successful Erasmus+ project requires precise planning and organization. Confido takes care of:\n<ul><li>Application preparation: Support with project outline, partner identification, and budget planning.<\/li><li>Project implementation: Support with administrative processes, contractual issues, and mobility.<\/li><li>Reporting &amp; Evaluation: Assistance with interim and final reports as well as with impact measurement.<\/li><\/ul>Our goal is to implement projects efficiently, sustainably and in compliance with funding requirements.\t\t\t\t\t<\/p>\n\t\t\t\t\n\t\t\t<\/div>\n\t\t\t\n\t\t<\/div>\n\t\t\t\t\t\t<\/div>\n\t\t\t\t<\/div>\n\t\t\t\t\t<\/div>\n\t\t\t\t<\/div>\n\t\t<div class=\"elementor-element elementor-element-1a62303 e-flex e-con-boxed e-con e-parent\" data-id=\"1a62303\" data-element_type=\"container\" data-e-type=\"container\">\n\t\t\t\t\t<div class=\"e-con-inner\">\n\t\t<div class=\"elementor-element elementor-element-5b24df1 e-con-full e-flex e-con e-child\" data-id=\"5b24df1\" data-element_type=\"container\" data-e-type=\"container\" data-settings=\"{&quot;animation_widescreen&quot;:&quot;fadeInLeft&quot;}\">\n\t\t\t\t<div class=\"elementor-element elementor-element-35d922e elementor-widescreen-position-inline-start elementor-view-default elementor-position-block-start elementor-mobile-position-block-start elementor-widget elementor-widget-icon-box\" data-id=\"35d922e\" data-element_type=\"widget\" data-e-type=\"widget\" data-widget_type=\"icon-box.default\">\n\t\t\t\t\t\t\t<div class=\"elementor-icon-box-wrapper\">\n\n\t\t\t\t\t\t<div class=\"elementor-icon-box-icon\">\n\t\t\t\t<span  class=\"elementor-icon\">\n\t\t\t\t<i aria-hidden=\"true\" class=\"tk tk-angle-double-right\"><\/i>\t\t\t\t<\/span>\n\t\t\t<\/div>\n\t\t\t\n\t\t\t\t\t\t<div class=\"elementor-icon-box-content\">\n\n\t\t\t\t\t\t\t\t\t<h3 class=\"elementor-icon-box-title\">\n\t\t\t\t\t\t<span  >\n\t\t\t\t\t\t\tNetwork building &amp; cooperation\t\t\t\t\t\t<\/span>\n\t\t\t\t\t<\/h3>\n\t\t\t\t\n\t\t\t\t\t\t\t\t\t<p class=\"elementor-icon-box-description\">\n\t\t\t\t\t\tInternational cooperation is the key to success. We open doors to:\n<ul><li>Universities, technical colleges and educational institutions in Berlin, Italy and Malta.<\/li><li>Internships, companies and organizations with Erasmus+ experience.<\/li><li>Partnerships for long-term and short-term projects.<\/li><\/ul><br>Thanks to our network, valuable opportunities for exchange, career development and further education arise.\t\t\t\t\t<\/p>\n\t\t\t\t\n\t\t\t<\/div>\n\t\t\t\n\t\t<\/div>\n\t\t\t\t\t\t<\/div>\n\t\t\t\t<\/div>\n\t\t<div class=\"elementor-element elementor-element-955d93f e-con-full e-flex e-con e-child\" data-id=\"955d93f\" data-element_type=\"container\" data-e-type=\"container\" data-settings=\"{&quot;animation_widescreen&quot;:&quot;fadeInRight&quot;}\">\n\t\t\t\t<div class=\"elementor-element elementor-element-0d86f95 elementor-widescreen-position-inline-start elementor-view-default elementor-position-block-start elementor-mobile-position-block-start elementor-widget elementor-widget-icon-box\" data-id=\"0d86f95\" data-element_type=\"widget\" data-e-type=\"widget\" data-widget_type=\"icon-box.default\">\n\t\t\t\t\t\t\t<div class=\"elementor-icon-box-wrapper\">\n\n\t\t\t\t\t\t<div class=\"elementor-icon-box-icon\">\n\t\t\t\t<span  class=\"elementor-icon\">\n\t\t\t\t<i aria-hidden=\"true\" class=\"tk tk-angle-double-right\"><\/i>\t\t\t\t<\/span>\n\t\t\t<\/div>\n\t\t\t\n\t\t\t\t\t\t<div class=\"elementor-icon-box-content\">\n\n\t\t\t\t\t\t\t\t\t<h3 class=\"elementor-icon-box-title\">\n\t\t\t\t\t\t<span  >\n\t\t\t\t\t\t\tCultural activities &amp; educational programs\t\t\t\t\t\t<\/span>\n\t\t\t\t\t<\/h3>\n\t\t\t\t\n\t\t\t\t\t\t\t\t\t<p class=\"elementor-icon-box-description\">\n\t\t\t\t\t\tAn Erasmus+ stay is more than just a project\u2014it&#039;s a cultural experience. We organize:\n<ul><li>Language training &amp; workshops to strengthen intercultural skills.<\/li><li>Cultural events &amp; excursions that bring Europe to life.<\/li><li>Social activities that create networks and promote a sense of community.<\/li><\/ul>This is how we combine academic learning with personal growth.\t\t\t\t\t<\/p>\n\t\t\t\t\n\t\t\t<\/div>\n\t\t\t\n\t\t<\/div>\n\t\t\t\t\t\t<\/div>\n\t\t\t\t<\/div>\n\t\t\t\t\t<\/div>\n\t\t\t\t<\/div>\n\t\t<div class=\"elementor-element elementor-element-792047a e-flex e-con-boxed e-con e-parent\" data-id=\"792047a\" data-element_type=\"container\" data-e-type=\"container\">\n\t\t\t\t\t<div class=\"e-con-inner\">\n\t\t<div class=\"elementor-element elementor-element-a2eac93 e-con-full e-flex e-con e-child\" data-id=\"a2eac93\" data-element_type=\"container\" data-e-type=\"container\" data-settings=\"{&quot;animation_widescreen&quot;:&quot;fadeInLeft&quot;}\">\n\t\t\t\t<div class=\"elementor-element elementor-element-11a5a6d elementor-widescreen-position-inline-start elementor-view-default elementor-position-block-start elementor-mobile-position-block-start elementor-widget elementor-widget-icon-box\" data-id=\"11a5a6d\" data-element_type=\"widget\" data-e-type=\"widget\" data-widget_type=\"icon-box.default\">\n\t\t\t\t\t\t\t<div class=\"elementor-icon-box-wrapper\">\n\n\t\t\t\t\t\t<div class=\"elementor-icon-box-icon\">\n\t\t\t\t<span  class=\"elementor-icon\">\n\t\t\t\t<i aria-hidden=\"true\" class=\"tk tk-angle-double-right\"><\/i>\t\t\t\t<\/span>\n\t\t\t<\/div>\n\t\t\t\n\t\t\t\t\t\t<div class=\"elementor-icon-box-content\">\n\n\t\t\t\t\t\t\t\t\t<h3 class=\"elementor-icon-box-title\">\n\t\t\t\t\t\t<span  >\n\t\t\t\t\t\t\tHolistic support\t\t\t\t\t\t<\/span>\n\t\t\t\t\t<\/h3>\n\t\t\t\t\n\t\t\t\t\t\t\t\t\t<p class=\"elementor-icon-box-description\">\n\t\t\t\t\t\tFrom preparation to return \u2013 Confido won\u2019t leave you alone:\n<ul><li>Preparation &amp; application: Support with forms, motivation letters and documents.<\/li><li>On-site support: Help with accommodation, transport, and daily organization.<\/li><li>Solution-oriented support: We are available at any time if you have problems or challenges.<\/li><\/ul><br>We guarantee a safe, smooth, and enriching experience for all participants.\t\t\t\t\t<\/p>\n\t\t\t\t\n\t\t\t<\/div>\n\t\t\t\n\t\t<\/div>\n\t\t\t\t\t\t<\/div>\n\t\t\t\t<\/div>\n\t\t\t\t\t<\/div>\n\t\t\t\t<\/div>\n\t\t<div class=\"elementor-element elementor-element-48994ae e-flex e-con-boxed e-con e-parent\" data-id=\"48994ae\" data-element_type=\"container\" data-e-type=\"container\" data-settings=\"{&quot;animation_widescreen&quot;:&quot;fadeInUp&quot;}\">\n\t\t\t\t\t<div class=\"e-con-inner\">\n\t\t<div class=\"elementor-element elementor-element-74c65a0 e-con-full e-flex e-con e-child\" data-id=\"74c65a0\" data-element_type=\"container\" data-e-type=\"container\" data-settings=\"{&quot;animation_widescreen&quot;:&quot;fadeInUp&quot;}\">\n\t\t\t\t<div class=\"elementor-element elementor-element-2c69893 elementor-widget elementor-widget-image\" data-id=\"2c69893\" data-element_type=\"widget\" data-e-type=\"widget\" data-settings=\"{&quot;_animation_widescreen&quot;:&quot;fadeInUp&quot;}\" data-widget_type=\"image.default\">\n\t\t\t\t\t\t\t\t\t\t\t\t\t\t\t<img decoding=\"async\" width=\"640\" height=\"427\" src=\"https:\/\/confido.berlin\/wp-content\/uploads\/2025\/08\/attractive-pretty-asian-brunette-woman-i-silk-skirt-striped-shirt-eyeglasses-looks-front-smiles-1024x683.jpg\" class=\"attachment-large size-large wp-image-10926\" alt=\"\" srcset=\"https:\/\/confido.berlin\/wp-content\/uploads\/2025\/08\/attractive-pretty-asian-brunette-woman-i-silk-skirt-striped-shirt-eyeglasses-looks-front-smiles-1024x683.jpg 1024w, https:\/\/confido.berlin\/wp-content\/uploads\/2025\/08\/attractive-pretty-asian-brunette-woman-i-silk-skirt-striped-shirt-eyeglasses-looks-front-smiles-300x200.jpg 300w, https:\/\/confido.berlin\/wp-content\/uploads\/2025\/08\/attractive-pretty-asian-brunette-woman-i-silk-skirt-striped-shirt-eyeglasses-looks-front-smiles-768x512.jpg 768w, https:\/\/confido.berlin\/wp-content\/uploads\/2025\/08\/attractive-pretty-asian-brunette-woman-i-silk-skirt-striped-shirt-eyeglasses-looks-front-smiles-1536x1024.jpg 1536w, https:\/\/confido.berlin\/wp-content\/uploads\/2025\/08\/attractive-pretty-asian-brunette-woman-i-silk-skirt-striped-shirt-eyeglasses-looks-front-smiles-600x400.jpg 600w\" sizes=\"(max-width: 640px) 100vw, 640px\" \/>\t\t\t\t\t\t\t\t\t\t\t\t\t\t\t<\/div>\n\t\t\t\t<\/div>\n\t\t\t\t\t<\/div>\n\t\t\t\t<\/div>\n\t\t<div class=\"elementor-element elementor-element-32fc25c e-flex e-con-boxed e-con e-parent\" data-id=\"32fc25c\" data-element_type=\"container\" data-e-type=\"container\" data-settings=\"{&quot;animation_widescreen&quot;:&quot;fadeInUp&quot;}\">\n\t\t\t\t\t<div class=\"e-con-inner\">\n\t\t<div class=\"elementor-element elementor-element-d484a65 e-flex e-con-boxed e-con e-child\" data-id=\"d484a65\" data-element_type=\"container\" data-e-type=\"container\">\n\t\t\t\t\t<div class=\"e-con-inner\">\n\t\t\t\t<div class=\"elementor-element elementor-element-ee10201 elementor-widget-widescreen__width-inherit elementor-widget thim-ekits-heading elementor-widget-thim-heading\" data-id=\"ee10201\" data-element_type=\"widget\" data-e-type=\"widget\" data-widget_type=\"thim-heading.default\">\n\t\t\t\t<div class=\"elementor-widget-container\">\n\t\t\t\t\t<div class=\"sc_heading\"><h3 class=\"title\">Confido means: More than organization \u2013 we are your partner for a <span class=\"thim-color\">successful international experience. <\/span> <\/h3><span class=\"line\"><\/span><\/div>\t\t\t\t<\/div>\n\t\t\t\t<\/div>\n\t\t\t\t\t<\/div>\n\t\t\t\t<\/div>\n\t\t\t\t\t<\/div>\n\t\t\t\t<\/div>\n\t\t<div class=\"elementor-element elementor-element-f12de86 e-flex e-con-boxed e-con e-parent\" data-id=\"f12de86\" data-element_type=\"container\" data-e-type=\"container\" data-settings=\"{&quot;animation_widescreen&quot;:&quot;fadeInUp&quot;}\">\n\t\t\t\t\t<div class=\"e-con-inner\">\n\t\t<div class=\"elementor-element elementor-element-6f4c764 e-con-full e-flex e-con e-child\" data-id=\"6f4c764\" data-element_type=\"container\" data-e-type=\"container\">\n\t\t\t\t<div class=\"elementor-element elementor-element-00b0f33 elementor-widget thim-ekits-heading elementor-widget-thim-heading\" data-id=\"00b0f33\" data-element_type=\"widget\" data-e-type=\"widget\" data-widget_type=\"thim-heading.default\">\n\t\t\t\t<div class=\"elementor-widget-container\">\n\t\t\t\t\t<div class=\"sc_heading\"><h3 class=\"title\">Our <span class=\"thim-color\">Promise<\/span> <\/h3><span class=\"line\"><\/span><\/div>\t\t\t\t<\/div>\n\t\t\t\t<\/div>\n\t\t<div class=\"elementor-element elementor-element-a394ba4 e-flex e-con-boxed e-con e-child\" data-id=\"a394ba4\" data-element_type=\"container\" data-e-type=\"container\">\n\t\t\t\t\t<div class=\"e-con-inner\">\n\t\t\t\t<div class=\"elementor-element elementor-element-919d030 elementor-widget elementor-widget-text-editor\" data-id=\"919d030\" data-element_type=\"widget\" data-e-type=\"widget\" data-widget_type=\"text-editor.default\">\n\t\t\t\t\t\t\t\t\t<p>Confido aims to <strong data-start=\"3181\" data-end=\"3263\">Making Erasmus+ mobile \u2013 with impact, trust and individual development<\/strong>We live European values \u200b\u200b\u2013 democratic, inclusive, and future-oriented. Together, we shape education as a bridge for cooperation, integration, and sustainable development.<\/p>\t\t\t\t\t\t\t\t<\/div>\n\t\t\t\t<div class=\"elementor-element elementor-element-7ff08de elementor-widget thim-widget-button\" data-id=\"7ff08de\" data-element_type=\"widget\" data-e-type=\"widget\" data-widget_type=\"thim-button.default\">\n\t\t\t\t<div class=\"elementor-widget-container\">\n\t\t\t\t\t<a class=\"widget-button large position-after\" href=\"https:\/\/confido.berlin\/en\/kontakt\/\">Arrange a consultation now<svg aria-hidden=\"true\" class=\"e-font-icon-svg e-fas-mouse-pointer\" viewbox=\"0 0 320 512\" xmlns=\"http:\/\/www.w3.org\/2000\/svg\"><path d=\"M302.189 329.126H196.105l55.831 135.993c3.889 9.428-.555 19.999-9.444 23.999l-49.165 21.427c-9.165 4-19.443-.571-23.332-9.714l-53.053-129.136-86.664 89.138C18.729 472.71 0 463.554 0 447.977V18.299C0 1.899 19.921-6.096 30.277 5.443l284.412 292.542c11.472 11.179 3.007 31.141-12.5 31.141z\"><\/path><\/svg><\/a>\t\t\t\t<\/div>\n\t\t\t\t<\/div>\n\t\t\t\t\t<\/div>\n\t\t\t\t<\/div>\n\t\t\t\t<\/div>\n\t\t\t\t\t<\/div>\n\t\t\t\t<\/div>\n\t\t\t\t<\/div>","protected":false},"excerpt":{"rendered":"<p>Mehr \u00fcber Erasmus+ erfahren Confido ist Ihr verl\u00e4sslicher Partner f\u00fcr Erasmus+ Projekte und internationale Bildungsinitiativen. Wir bieten ein umfassendes Leistungsspektrum, das Studierende, Bildungseinrichtungen und Projekttr\u00e4ger in jeder Phase unterst\u00fctzt \u2013 von der ersten Beratung bis zur erfolgreichen Umsetzung. Beratung &amp; &hellip; <\/p>","protected":false},"author":1,"featured_media":0,"parent":0,"menu_order":0,"comment_status":"closed","ping_status":"closed","template":"","meta":{"_monsterinsights_skip_tracking":false,"_monsterinsights_sitenote_active":false,"_monsterinsights_sitenote_note":"","_monsterinsights_sitenote_category":0,"footnotes":""},"class_list":["post-11173","page","type-page","status-publish","hentry"],"aioseo_notices":[],"_links":{"self":[{"href":"https:\/\/confido.berlin\/en\/wp-json\/wp\/v2\/pages\/11173","targetHints":{"allow":["GET"]}}],"collection":[{"href":"https:\/\/confido.berlin\/en\/wp-json\/wp\/v2\/pages"}],"about":[{"href":"https:\/\/confido.berlin\/en\/wp-json\/wp\/v2\/types\/page"}],"author":[{"embeddable":true,"href":"https:\/\/confido.berlin\/en\/wp-json\/wp\/v2\/users\/1"}],"replies":[{"embeddable":true,"href":"https:\/\/confido.berlin\/en\/wp-json\/wp\/v2\/comments?post=11173"}],"version-history":[{"count":25,"href":"https:\/\/confido.berlin\/en\/wp-json\/wp\/v2\/pages\/11173\/revisions"}],"predecessor-version":[{"id":11532,"href":"https:\/\/confido.berlin\/en\/wp-json\/wp\/v2\/pages\/11173\/revisions\/11532"}],"wp:attachment":[{"href":"https:\/\/confido.berlin\/en\/wp-json\/wp\/v2\/media?parent=11173"}],"curies":[{"name":"wp","href":"https:\/\/api.w.org\/{rel}","templated":true}]}}